{"id":10059,"date":"2023-01-05T15:07:31","date_gmt":"2023-01-05T14:07:31","guid":{"rendered":"https:\/\/www.cashlab.fr\/membership-join\/"},"modified":"2023-01-17T16:07:18","modified_gmt":"2023-01-17T15:07:18","slug":"creation-compte-membre","status":"publish","type":"page","link":"https:\/\/www.cashlab.fr\/en\/creation-compte-membre\/","title":{"rendered":"Cr\u00e9ation compte membre"},"content":{"rendered":"<p>[et_pb_section fb_built=\u00a0\u00bb1&Prime; admin_label=\u00a0\u00bbsection\u00a0\u00bb _builder_version=\u00a0\u00bb4.16&Prime; global_colors_info=\u00a0\u00bb{}\u00a0\u00bb][et_pb_row admin_label=\u00a0\u00bbrow\u00a0\u00bb _builder_version=\u00a0\u00bb4.16&Prime; background_size=\u00a0\u00bbinitial\u00a0\u00bb background_position=\u00a0\u00bbtop_left\u00a0\u00bb background_repeat=\u00a0\u00bbrepeat\u00a0\u00bb global_colors_info=\u00a0\u00bb{}\u00a0\u00bb][et_pb_column type=\u00a0\u00bb4_4&Prime; _builder_version=\u00a0\u00bb4.16&Prime; custom_padding=\u00a0\u00bb|||\u00a0\u00bb global_colors_info=\u00a0\u00bb{}\u00a0\u00bb custom_padding__hover=\u00a0\u00bb|||\u00a0\u00bb][et_pb_text admin_label=\u00a0\u00bbText\u00a0\u00bb _builder_version=\u00a0\u00bb4.19.4&Prime; text_text_color=\u00a0\u00bb#191735&Prime; text_font_size=\u00a0\u00bb16px\u00a0\u00bb header_text_color=\u00a0\u00bb#191735&Prime; header_2_text_color=\u00a0\u00bb#191735&Prime; header_2_font_size=\u00a0\u00bb24px\u00a0\u00bb background_size=\u00a0\u00bbinitial\u00a0\u00bb background_position=\u00a0\u00bbtop_left\u00a0\u00bb background_repeat=\u00a0\u00bbrepeat\u00a0\u00bb global_colors_info=\u00a0\u00bb{}\u00a0\u00bb]<\/p>\n<h1><strong>Cr\u00e9ation de votre compte Cashlab Ressources<\/strong><\/h1>\n<p>[\/et_pb_text][et_pb_button button_url=\u00a0\u00bbhttps:\/\/www.cashlab.fr\/creation-compte-membre\/inscription\/\u00a0\u00bb button_text=\u00a0\u00bbJe m&rsquo;inscris\u00a0\u00bb button_alignment=\u00a0\u00bbcenter\u00a0\u00bb button_alignment_tablet=\u00a0\u00bb\u00a0\u00bb button_alignment_phone=\u00a0\u00bbcenter\u00a0\u00bb button_alignment_last_edited=\u00a0\u00bbon|desktop\u00a0\u00bb _builder_version=\u00a0\u00bb4.19.4&Prime; custom_button=\u00a0\u00bbon\u00a0\u00bb button_text_size=\u00a0\u00bb14px\u00a0\u00bb button_text_color=\u00a0\u00bb#FFFFFF\u00a0\u00bb button_bg_color=\u00a0\u00bb#5271ff\u00a0\u00bb button_bg_color_gradient_type=\u00a0\u00bbcircular\u00a0\u00bb button_bg_color_gradient_direction=\u00a0\u00bb90deg\u00a0\u00bb button_bg_color_gradient_direction_radial=\u00a0\u00bbtop left\u00a0\u00bb button_bg_color_gradient_stops=\u00a0\u00bb#f7de00 0%|#cfae23 100%\u00a0\u00bb button_bg_color_gradient_start=\u00a0\u00bb#f7de00&Prime; button_bg_color_gradient_end=\u00a0\u00bb#cfae23&Prime; button_border_width=\u00a0\u00bb0px\u00a0\u00bb button_border_radius=\u00a0\u00bb100px\u00a0\u00bb button_font=\u00a0\u00bbOpen Sans|600||on|||||\u00a0\u00bb button_use_icon=\u00a0\u00bboff\u00a0\u00bb custom_margin=\u00a0\u00bb||||false|false\u00a0\u00bb custom_padding=\u00a0\u00bb10px|30px|10px|30px|true|true\u00a0\u00bb box_shadow_style=\u00a0\u00bbpreset3&Prime; box_shadow_vertical=\u00a0\u00bb8px\u00a0\u00bb box_shadow_color=\u00a0\u00bbrgba(0,137,242,0.61)\u00a0\u00bb locked=\u00a0\u00bboff\u00a0\u00bb global_colors_info=\u00a0\u00bb{}\u00a0\u00bb box_shadow_color__hover=\u00a0\u00bb#2585b2&Prime; box_shadow_blur__hover_enabled=\u00a0\u00bbon\u00a0\u00bb box_shadow_blur__hover=\u00a0\u00bb20px\u00a0\u00bb box_shadow_vertical__hover_enabled=\u00a0\u00bbon\u00a0\u00bb box_shadow_vertical__hover=\u00a0\u00bb10px\u00a0\u00bb][\/et_pb_button][et_pb_text admin_label=\u00a0\u00bbText\u00a0\u00bb _builder_version=\u00a0\u00bb4.19.4&Prime; text_text_color=\u00a0\u00bb#191735&Prime; text_font_size=\u00a0\u00bb16px\u00a0\u00bb header_text_color=\u00a0\u00bb#191735&Prime; header_2_text_color=\u00a0\u00bb#191735&Prime; header_2_font_size=\u00a0\u00bb24px\u00a0\u00bb background_size=\u00a0\u00bbinitial\u00a0\u00bb background_position=\u00a0\u00bbtop_left\u00a0\u00bb background_repeat=\u00a0\u00bbrepeat\u00a0\u00bb hover_enabled=\u00a0\u00bb0&Prime; global_colors_info=\u00a0\u00bb{}\u00a0\u00bb sticky_enabled=\u00a0\u00bb0&Prime;]<\/p>\n<h2>Pour les partenaires Cashlab<\/h2>\n<p>En cr\u00e9ant votre compte membre, vous acc\u00e9derez ainsi \u00e0 des contenus privil\u00e9gi\u00e9s d\u00e9di\u00e9s \u00e0 nos partenaires (cas clients, d\u00e9mo, pr\u00e9sentation, kit de communication, etc.).<\/p>\n<p>Pour vous inscrire, il vous faut :<\/p>\n<ul>\n<li>Un nom d&rsquo;utilisateur qui peut \u00eatre votre e-mail<\/li>\n<li>votre e-mail<\/li>\n<li>et mot de passe de votre choix<\/li>\n<\/ul>\n<p>Un e-mail vous sera envoy\u00e9 avec un lien afin de valider votre compte.<\/p>\n<p>Vous n&rsquo;aurez qu&rsquo;\u00e0 cliquer sur le lien, et rentrer votre nom d&rsquo;utilisateur et mot de passe pour vous connecter.<\/p>\n<p>Bienvenue !<br \/>L&rsquo;\u00e9quipe Cashlab<\/p>\n<p>&nbsp;<\/p>\n<hr \/>\n<p>Cette inscription est bien \u00e9videmment gratuite.<\/p>\n<p>[\/et_pb_text][\/et_pb_column][\/et_pb_row][\/et_pb_section]<\/p>\n","protected":false},"excerpt":{"rendered":"<p>Cr\u00e9ation de votre compte Cashlab RessourcesPour les partenaires Cashlab En cr\u00e9ant votre compte membre, vous acc\u00e9derez ainsi \u00e0 des contenus privil\u00e9gi\u00e9s d\u00e9di\u00e9s \u00e0 nos partenaires (cas clients, d\u00e9mo, pr\u00e9sentation, kit de communication, etc.). Pour vous inscrire, il vous faut : Un nom d&rsquo;utilisateur qui peut \u00eatre votre e-mail votre e-mail et mot de passe de [&hellip;]<\/p>\n","protected":false},"author":2,"featured_media":0,"parent":0,"menu_order":0,"comment_status":"closed","ping_status":"closed","template":"","meta":{"_et_pb_use_builder":"on","_et_pb_old_content":"<p style=\"color:red;font-weight:bold;\">This page and the content has been automatically generated for you to give you a basic idea of how a \"Join Us\" page should look like. You can customize this page however you like it by editing this page from your WordPress page editor.<\/p><p style=\"font-weight:bold;\">If you end up changing the URL of this page then make sure to update the URL value in the settings menu of the plugin.<\/p><p style=\"border-top:1px solid #ccc;padding-top:10px;margin-top:10px;\"><\/p>\r\n\t\t\t<strong>Free Membership<\/strong>\r\n\t\t\t<br \/>\r\n\t\t\tYou get unlimited access to free membership content\r\n\t\t\t<br \/>\r\n\t\t\t<em><strong>Price: Free!<\/strong><\/em>\r\n\t\t\t<br \/><br \/>Link the following image to go to the Registration Page if you want your visitors to be able to create a free membership account<br \/><br \/>\r\n\t\t\t<img title=\"Join Now\" src=\"https:\/\/www.cashlab.fr\/wp-content\/plugins\/simple-membership\/images\/join-now-button-image.gif\" alt=\"Join Now Button\" width=\"277\" height=\"82\" \/>\r\n\t\t\t<p style=\"border-bottom:1px solid #ccc;padding-bottom:10px;margin-bottom:10px;\"><\/p><p><strong>You can register for a Free Membership or pay for one of the following membership options<\/strong><\/p><p style=\"border-top:1px solid #ccc;padding-top:10px;margin-top:10px;\"><\/p>\r\n\t\t\t[ ==> Insert Payment Button For Your Paid Membership Levels Here <== ]\r\n\t\t\t<p style=\"border-bottom:1px solid #ccc;padding-bottom:10px;margin-bottom:10px;\"><\/p>","_et_gb_content_width":"","content-type":"","inline_featured_image":false,"footnotes":""},"class_list":["post-10059","page","type-page","status-publish","hentry"],"yoast_head":"<!-- This site is optimized with the Yoast SEO plugin v27.5 - https:\/\/yoast.com\/product\/yoast-seo-wordpress\/ -->\n<title>Rejoignez-nous ! Espace membre Partenaires de Cashlab<\/title>\n<meta name=\"robots\" content=\"index, follow, max-snippet:-1, max-image-preview:large, max-video-preview:-1\" \/>\n<link rel=\"canonical\" href=\"https:\/\/www.cashlab.fr\/en\/creation-compte-membre\/\" \/>\n<meta property=\"og:locale\" content=\"en_GB\" \/>\n<meta property=\"og:type\" content=\"article\" \/>\n<meta property=\"og:title\" content=\"Rejoignez-nous ! Espace membre Partenaires de Cashlab\" \/>\n<meta property=\"og:description\" content=\"Cr\u00e9ation de votre compte Cashlab RessourcesPour les partenaires Cashlab En cr\u00e9ant votre compte membre, vous acc\u00e9derez ainsi \u00e0 des contenus privil\u00e9gi\u00e9s d\u00e9di\u00e9s \u00e0 nos partenaires (cas clients, d\u00e9mo, pr\u00e9sentation, kit de communication, etc.). Pour vous inscrire, il vous faut : Un nom d&#039;utilisateur qui peut \u00eatre votre e-mail votre e-mail et mot de passe de [&hellip;]\" \/>\n<meta property=\"og:url\" content=\"https:\/\/www.cashlab.fr\/en\/creation-compte-membre\/\" \/>\n<meta property=\"og:site_name\" content=\"Cashlab\" \/>\n<meta property=\"article:modified_time\" content=\"2023-01-17T15:07:18+00:00\" \/>\n<meta name=\"twitter:card\" content=\"summary_large_image\" \/>\n<meta name=\"twitter:site\" content=\"@CashLab_fr\" \/>\n<meta name=\"twitter:label1\" content=\"Estimated reading time\" \/>\n\t<meta name=\"twitter:data1\" content=\"1 minute\" \/>\n<script type=\"application\/ld+json\" class=\"yoast-schema-graph\">{\"@context\":\"https:\\\/\\\/schema.org\",\"@graph\":[{\"@type\":\"WebPage\",\"@id\":\"https:\\\/\\\/www.cashlab.fr\\\/creation-compte-membre\\\/\",\"url\":\"https:\\\/\\\/www.cashlab.fr\\\/creation-compte-membre\\\/\",\"name\":\"Rejoignez-nous ! Espace membre Partenaires de Cashlab\",\"isPartOf\":{\"@id\":\"https:\\\/\\\/www.cashlab.fr\\\/#website\"},\"datePublished\":\"2023-01-05T14:07:31+00:00\",\"dateModified\":\"2023-01-17T15:07:18+00:00\",\"breadcrumb\":{\"@id\":\"https:\\\/\\\/www.cashlab.fr\\\/creation-compte-membre\\\/#breadcrumb\"},\"inLanguage\":\"en-GB\",\"potentialAction\":[{\"@type\":\"ReadAction\",\"target\":[\"https:\\\/\\\/www.cashlab.fr\\\/creation-compte-membre\\\/\"]}]},{\"@type\":\"BreadcrumbList\",\"@id\":\"https:\\\/\\\/www.cashlab.fr\\\/creation-compte-membre\\\/#breadcrumb\",\"itemListElement\":[{\"@type\":\"ListItem\",\"position\":1,\"name\":\"Accueil\",\"item\":\"https:\\\/\\\/www.cashlab.fr\\\/\"},{\"@type\":\"ListItem\",\"position\":2,\"name\":\"Cr\u00e9ation compte membre\"}]},{\"@type\":\"WebSite\",\"@id\":\"https:\\\/\\\/www.cashlab.fr\\\/#website\",\"url\":\"https:\\\/\\\/www.cashlab.fr\\\/\",\"name\":\"Cashlab\",\"description\":\"Logiciel de pr\u00e9vision et pilotage de tr\u00e9sorerie\",\"publisher\":{\"@id\":\"https:\\\/\\\/www.cashlab.fr\\\/#organization\"},\"potentialAction\":[{\"@type\":\"SearchAction\",\"target\":{\"@type\":\"EntryPoint\",\"urlTemplate\":\"https:\\\/\\\/www.cashlab.fr\\\/?s={search_term_string}\"},\"query-input\":{\"@type\":\"PropertyValueSpecification\",\"valueRequired\":true,\"valueName\":\"search_term_string\"}}],\"inLanguage\":\"en-GB\"},{\"@type\":\"Organization\",\"@id\":\"https:\\\/\\\/www.cashlab.fr\\\/#organization\",\"name\":\"Cashlab\",\"url\":\"https:\\\/\\\/www.cashlab.fr\\\/\",\"logo\":{\"@type\":\"ImageObject\",\"inLanguage\":\"en-GB\",\"@id\":\"https:\\\/\\\/www.cashlab.fr\\\/#\\\/schema\\\/logo\\\/image\\\/\",\"url\":\"https:\\\/\\\/www.cashlab.fr\\\/wp-content\\\/uploads\\\/2019\\\/12\\\/Logo_Cashlab-noir.png\",\"contentUrl\":\"https:\\\/\\\/www.cashlab.fr\\\/wp-content\\\/uploads\\\/2019\\\/12\\\/Logo_Cashlab-noir.png\",\"width\":1583,\"height\":295,\"caption\":\"Cashlab\"},\"image\":{\"@id\":\"https:\\\/\\\/www.cashlab.fr\\\/#\\\/schema\\\/logo\\\/image\\\/\"},\"sameAs\":[\"https:\\\/\\\/x.com\\\/CashLab_fr\",\"https:\\\/\\\/www.linkedin.com\\\/company\\\/cashlab\\\/posts\\\/?feedView=all\"]}]}<\/script>\n<!-- \/ Yoast SEO plugin. -->","yoast_head_json":{"title":"Rejoignez-nous ! Espace membre Partenaires de Cashlab","robots":{"index":"index","follow":"follow","max-snippet":"max-snippet:-1","max-image-preview":"max-image-preview:large","max-video-preview":"max-video-preview:-1"},"canonical":"https:\/\/www.cashlab.fr\/en\/creation-compte-membre\/","og_locale":"en_GB","og_type":"article","og_title":"Rejoignez-nous ! Espace membre Partenaires de Cashlab","og_description":"Cr\u00e9ation de votre compte Cashlab RessourcesPour les partenaires Cashlab En cr\u00e9ant votre compte membre, vous acc\u00e9derez ainsi \u00e0 des contenus privil\u00e9gi\u00e9s d\u00e9di\u00e9s \u00e0 nos partenaires (cas clients, d\u00e9mo, pr\u00e9sentation, kit de communication, etc.). Pour vous inscrire, il vous faut : Un nom d'utilisateur qui peut \u00eatre votre e-mail votre e-mail et mot de passe de [&hellip;]","og_url":"https:\/\/www.cashlab.fr\/en\/creation-compte-membre\/","og_site_name":"Cashlab","article_modified_time":"2023-01-17T15:07:18+00:00","twitter_card":"summary_large_image","twitter_site":"@CashLab_fr","twitter_misc":{"Estimated reading time":"1 minute"},"schema":{"@context":"https:\/\/schema.org","@graph":[{"@type":"WebPage","@id":"https:\/\/www.cashlab.fr\/creation-compte-membre\/","url":"https:\/\/www.cashlab.fr\/creation-compte-membre\/","name":"Rejoignez-nous ! Espace membre Partenaires de Cashlab","isPartOf":{"@id":"https:\/\/www.cashlab.fr\/#website"},"datePublished":"2023-01-05T14:07:31+00:00","dateModified":"2023-01-17T15:07:18+00:00","breadcrumb":{"@id":"https:\/\/www.cashlab.fr\/creation-compte-membre\/#breadcrumb"},"inLanguage":"en-GB","potentialAction":[{"@type":"ReadAction","target":["https:\/\/www.cashlab.fr\/creation-compte-membre\/"]}]},{"@type":"BreadcrumbList","@id":"https:\/\/www.cashlab.fr\/creation-compte-membre\/#breadcrumb","itemListElement":[{"@type":"ListItem","position":1,"name":"Accueil","item":"https:\/\/www.cashlab.fr\/"},{"@type":"ListItem","position":2,"name":"Cr\u00e9ation compte membre"}]},{"@type":"WebSite","@id":"https:\/\/www.cashlab.fr\/#website","url":"https:\/\/www.cashlab.fr\/","name":"Cashlab","description":"Logiciel de pr\u00e9vision et pilotage de tr\u00e9sorerie","publisher":{"@id":"https:\/\/www.cashlab.fr\/#organization"},"potentialAction":[{"@type":"SearchAction","target":{"@type":"EntryPoint","urlTemplate":"https:\/\/www.cashlab.fr\/?s={search_term_string}"},"query-input":{"@type":"PropertyValueSpecification","valueRequired":true,"valueName":"search_term_string"}}],"inLanguage":"en-GB"},{"@type":"Organization","@id":"https:\/\/www.cashlab.fr\/#organization","name":"Cashlab","url":"https:\/\/www.cashlab.fr\/","logo":{"@type":"ImageObject","inLanguage":"en-GB","@id":"https:\/\/www.cashlab.fr\/#\/schema\/logo\/image\/","url":"https:\/\/www.cashlab.fr\/wp-content\/uploads\/2019\/12\/Logo_Cashlab-noir.png","contentUrl":"https:\/\/www.cashlab.fr\/wp-content\/uploads\/2019\/12\/Logo_Cashlab-noir.png","width":1583,"height":295,"caption":"Cashlab"},"image":{"@id":"https:\/\/www.cashlab.fr\/#\/schema\/logo\/image\/"},"sameAs":["https:\/\/x.com\/CashLab_fr","https:\/\/www.linkedin.com\/company\/cashlab\/posts\/?feedView=all"]}]}},"_links":{"self":[{"href":"https:\/\/www.cashlab.fr\/en\/wp-json\/wp\/v2\/pages\/10059","targetHints":{"allow":["GET"]}}],"collection":[{"href":"https:\/\/www.cashlab.fr\/en\/wp-json\/wp\/v2\/pages"}],"about":[{"href":"https:\/\/www.cashlab.fr\/en\/wp-json\/wp\/v2\/types\/page"}],"author":[{"embeddable":true,"href":"https:\/\/www.cashlab.fr\/en\/wp-json\/wp\/v2\/users\/2"}],"replies":[{"embeddable":true,"href":"https:\/\/www.cashlab.fr\/en\/wp-json\/wp\/v2\/comments?post=10059"}],"version-history":[{"count":9,"href":"https:\/\/www.cashlab.fr\/en\/wp-json\/wp\/v2\/pages\/10059\/revisions"}],"predecessor-version":[{"id":10205,"href":"https:\/\/www.cashlab.fr\/en\/wp-json\/wp\/v2\/pages\/10059\/revisions\/10205"}],"wp:attachment":[{"href":"https:\/\/www.cashlab.fr\/en\/wp-json\/wp\/v2\/media?parent=10059"}],"curies":[{"name":"wp","href":"https:\/\/api.w.org\/{rel}","templated":true}]}}