{"id":10060,"date":"2023-01-05T15:07:33","date_gmt":"2023-01-05T14:07:33","guid":{"rendered":"https:\/\/www.cashlab.fr\/membership-join\/membership-registration\/"},"modified":"2025-06-20T17:05:44","modified_gmt":"2025-06-20T15:05:44","slug":"inscription-cashlab","status":"publish","type":"page","link":"https:\/\/www.cashlab.fr\/en\/creation-compte-membre\/inscription-cashlab\/","title":{"rendered":"Inscription"},"content":{"rendered":"<div class=\"swpm-registration-widget-form\">\n    <form id=\"swpm-registration-form\" class=\"swpm-validate-form\" name=\"swpm-registration-form\" method=\"post\" action=\"\">\n        <input type =\"hidden\" name=\"level_identifier\" value=\"c81e728d9d4c2f636f067f89cc14862c\" \/>\n        <table>\n            <tr class=\"swpm-registration-username-row\" >\n                <td><label for=\"user_name\">Username<\/label><\/td>\n                <td><input type=\"text\" id=\"user_name\" class=\"validate[required,custom[noapostrophe],custom[SWPMUserName],minSize[4],ajax[ajaxUserCall]]\" value=\"\" size=\"50\" name=\"user_name\" \/><\/td>\n            <\/tr>\n            <tr class=\"swpm-registration-email-row\">\n                <td><label for=\"email\">Email<\/label><\/td>\n                <td><input type=\"text\" autocomplete=\"off\" id=\"email\" class=\"validate[required,custom[email],ajax[ajaxEmailCall]]\" value=\"\" size=\"50\" name=\"email\" \/><\/td>\n            <\/tr>\n            <tr class=\"swpm-registration-password-row\">\n                <td><label for=\"password\">Password<\/label><\/td>\n                <td><input type=\"password\" autocomplete=\"off\" id=\"password\" class=\"validate[required,custom[strongPass],minSize[8]]\" value=\"\" size=\"50\" name=\"password\" \/><\/td>\n            <\/tr>\n            <tr class=\"swpm-registration-password-retype-row\">\n                <td><label for=\"password_re\">Repeat Password<\/label><\/td>\n                <td><input type=\"password\" autocomplete=\"off\" id=\"password_re\" value=\"\" size=\"50\" name=\"password_re\" \/><\/td>\n            <\/tr>\n            <tr class=\"swpm-registration-firstname-row\" >\n                <td><label for=\"first_name\">First Name<\/label><\/td>\n                <td><input type=\"text\" id=\"first_name\" value=\"\" size=\"50\" name=\"first_name\" \/><\/td>\n            <\/tr>\n            <tr class=\"swpm-registration-lastname-row\" >\n                <td><label for=\"last_name\">Last Name<\/label><\/td>\n                <td><input type=\"text\" id=\"last_name\" value=\"\" size=\"50\" name=\"last_name\" \/><\/td>\n            <\/tr>\n            <tr\n                class=\"swpm-registration-membership-level-row\"\n                                style=\"\"\n            >\n                <td><label for=\"membership_level\">Membership Level<\/label><\/td>\n                <td>\n                    Partenaires<input type=\"hidden\" value=\"2\" size=\"50\" name=\"swpm_membership_level\" id=\"membership_level\" \/><input type=\"hidden\" name=\"swpm_level_hash\" value=\"b9ebff75794890f6336438866d27e7fd\" \/>                <\/td>\n            <\/tr>\n                    <\/table>\n\n        <div class=\"swpm-before-registration-submit-section\" align=\"center\"><\/div>\n\n        <div class=\"swpm-registration-submit-section\" align=\"center\">\n            <input type=\"submit\" value=\"Register\" class=\"swpm-registration-submit\" name=\"swpm_registration_submit\" \/>\n        <\/div>\n\n        <input type=\"hidden\" name=\"action\" value=\"custom_posts\" \/>\n\n    <\/form>\n<\/div>\n\n","protected":false},"excerpt":{"rendered":"","protected":false},"author":2,"featured_media":0,"parent":10059,"menu_order":0,"comment_status":"closed","ping_status":"closed","template":"","meta":{"_et_pb_use_builder":"","_et_pb_old_content":"","_et_gb_content_width":"","content-type":"","inline_featured_image":false,"footnotes":""},"class_list":["post-10060","page","type-page","status-publish","hentry"],"yoast_head":"<!-- This site is optimized with the Yoast SEO plugin v27.3 - https:\/\/yoast.com\/product\/yoast-seo-wordpress\/ -->\n<title>Inscription Cashlab<\/title>\n<meta name=\"description\" content=\"Partenaires - Veuillez compl\u00e9ter ce formulaire d&#039;inscription Cashlab afin d&#039;acc\u00e9der \u00e0 l&#039;espace qui vous est d\u00e9di\u00e9.\" \/>\n<meta name=\"robots\" content=\"index, follow, max-snippet:-1, max-image-preview:large, max-video-preview:-1\" \/>\n<link rel=\"canonical\" href=\"https:\/\/www.cashlab.fr\/en\/creation-compte-membre\/inscription-cashlab\/\" \/>\n<meta property=\"og:locale\" content=\"en_GB\" \/>\n<meta property=\"og:type\" content=\"article\" \/>\n<meta property=\"og:title\" content=\"Inscription Cashlab\" \/>\n<meta property=\"og:description\" content=\"Partenaires - Veuillez compl\u00e9ter ce formulaire d&#039;inscription Cashlab afin d&#039;acc\u00e9der \u00e0 l&#039;espace qui vous est d\u00e9di\u00e9.\" \/>\n<meta property=\"og:url\" content=\"https:\/\/www.cashlab.fr\/en\/creation-compte-membre\/inscription-cashlab\/\" \/>\n<meta property=\"og:site_name\" content=\"Cashlab\" \/>\n<meta property=\"article:modified_time\" content=\"2025-06-20T15:05:44+00:00\" \/>\n<meta name=\"twitter:card\" content=\"summary_large_image\" \/>\n<meta name=\"twitter:site\" content=\"@CashLab_fr\" \/>\n<meta name=\"twitter:label1\" content=\"Estimated reading time\" \/>\n\t<meta name=\"twitter:data1\" content=\"1 minute\" \/>\n<script type=\"application\/ld+json\" class=\"yoast-schema-graph\">{\"@context\":\"https:\\\/\\\/schema.org\",\"@graph\":[{\"@type\":\"WebPage\",\"@id\":\"https:\\\/\\\/www.cashlab.fr\\\/creation-compte-membre\\\/inscription-cashlab\\\/\",\"url\":\"https:\\\/\\\/www.cashlab.fr\\\/creation-compte-membre\\\/inscription-cashlab\\\/\",\"name\":\"Inscription Cashlab\",\"isPartOf\":{\"@id\":\"https:\\\/\\\/www.cashlab.fr\\\/#website\"},\"datePublished\":\"2023-01-05T14:07:33+00:00\",\"dateModified\":\"2025-06-20T15:05:44+00:00\",\"description\":\"Partenaires - Veuillez compl\u00e9ter ce formulaire d'inscription Cashlab afin d'acc\u00e9der \u00e0 l'espace qui vous est d\u00e9di\u00e9.\",\"breadcrumb\":{\"@id\":\"https:\\\/\\\/www.cashlab.fr\\\/creation-compte-membre\\\/inscription-cashlab\\\/#breadcrumb\"},\"inLanguage\":\"en-GB\",\"potentialAction\":[{\"@type\":\"ReadAction\",\"target\":[\"https:\\\/\\\/www.cashlab.fr\\\/creation-compte-membre\\\/inscription-cashlab\\\/\"]}]},{\"@type\":\"BreadcrumbList\",\"@id\":\"https:\\\/\\\/www.cashlab.fr\\\/creation-compte-membre\\\/inscription-cashlab\\\/#breadcrumb\",\"itemListElement\":[{\"@type\":\"ListItem\",\"position\":1,\"name\":\"Accueil\",\"item\":\"https:\\\/\\\/www.cashlab.fr\\\/\"},{\"@type\":\"ListItem\",\"position\":2,\"name\":\"Cr\u00e9ation compte membre\",\"item\":\"https:\\\/\\\/www.cashlab.fr\\\/creation-compte-membre\\\/\"},{\"@type\":\"ListItem\",\"position\":3,\"name\":\"Inscription\"}]},{\"@type\":\"WebSite\",\"@id\":\"https:\\\/\\\/www.cashlab.fr\\\/#website\",\"url\":\"https:\\\/\\\/www.cashlab.fr\\\/\",\"name\":\"Cashlab\",\"description\":\"Logiciel de pr\u00e9vision et pilotage de tr\u00e9sorerie\",\"publisher\":{\"@id\":\"https:\\\/\\\/www.cashlab.fr\\\/#organization\"},\"potentialAction\":[{\"@type\":\"SearchAction\",\"target\":{\"@type\":\"EntryPoint\",\"urlTemplate\":\"https:\\\/\\\/www.cashlab.fr\\\/?s={search_term_string}\"},\"query-input\":{\"@type\":\"PropertyValueSpecification\",\"valueRequired\":true,\"valueName\":\"search_term_string\"}}],\"inLanguage\":\"en-GB\"},{\"@type\":\"Organization\",\"@id\":\"https:\\\/\\\/www.cashlab.fr\\\/#organization\",\"name\":\"Cashlab\",\"url\":\"https:\\\/\\\/www.cashlab.fr\\\/\",\"logo\":{\"@type\":\"ImageObject\",\"inLanguage\":\"en-GB\",\"@id\":\"https:\\\/\\\/www.cashlab.fr\\\/#\\\/schema\\\/logo\\\/image\\\/\",\"url\":\"https:\\\/\\\/www.cashlab.fr\\\/wp-content\\\/uploads\\\/2019\\\/12\\\/Logo_Cashlab-noir.png\",\"contentUrl\":\"https:\\\/\\\/www.cashlab.fr\\\/wp-content\\\/uploads\\\/2019\\\/12\\\/Logo_Cashlab-noir.png\",\"width\":1583,\"height\":295,\"caption\":\"Cashlab\"},\"image\":{\"@id\":\"https:\\\/\\\/www.cashlab.fr\\\/#\\\/schema\\\/logo\\\/image\\\/\"},\"sameAs\":[\"https:\\\/\\\/x.com\\\/CashLab_fr\",\"https:\\\/\\\/www.linkedin.com\\\/company\\\/cashlab\\\/posts\\\/?feedView=all\"]}]}<\/script>\n<!-- \/ Yoast SEO plugin. -->","yoast_head_json":{"title":"Inscription Cashlab","description":"Partenaires - Veuillez compl\u00e9ter ce formulaire d'inscription Cashlab afin d'acc\u00e9der \u00e0 l'espace qui vous est d\u00e9di\u00e9.","robots":{"index":"index","follow":"follow","max-snippet":"max-snippet:-1","max-image-preview":"max-image-preview:large","max-video-preview":"max-video-preview:-1"},"canonical":"https:\/\/www.cashlab.fr\/en\/creation-compte-membre\/inscription-cashlab\/","og_locale":"en_GB","og_type":"article","og_title":"Inscription Cashlab","og_description":"Partenaires - Veuillez compl\u00e9ter ce formulaire d'inscription Cashlab afin d'acc\u00e9der \u00e0 l'espace qui vous est d\u00e9di\u00e9.","og_url":"https:\/\/www.cashlab.fr\/en\/creation-compte-membre\/inscription-cashlab\/","og_site_name":"Cashlab","article_modified_time":"2025-06-20T15:05:44+00:00","twitter_card":"summary_large_image","twitter_site":"@CashLab_fr","twitter_misc":{"Estimated reading time":"1 minute"},"schema":{"@context":"https:\/\/schema.org","@graph":[{"@type":"WebPage","@id":"https:\/\/www.cashlab.fr\/creation-compte-membre\/inscription-cashlab\/","url":"https:\/\/www.cashlab.fr\/creation-compte-membre\/inscription-cashlab\/","name":"Inscription Cashlab","isPartOf":{"@id":"https:\/\/www.cashlab.fr\/#website"},"datePublished":"2023-01-05T14:07:33+00:00","dateModified":"2025-06-20T15:05:44+00:00","description":"Partenaires - Veuillez compl\u00e9ter ce formulaire d'inscription Cashlab afin d'acc\u00e9der \u00e0 l'espace qui vous est d\u00e9di\u00e9.","breadcrumb":{"@id":"https:\/\/www.cashlab.fr\/creation-compte-membre\/inscription-cashlab\/#breadcrumb"},"inLanguage":"en-GB","potentialAction":[{"@type":"ReadAction","target":["https:\/\/www.cashlab.fr\/creation-compte-membre\/inscription-cashlab\/"]}]},{"@type":"BreadcrumbList","@id":"https:\/\/www.cashlab.fr\/creation-compte-membre\/inscription-cashlab\/#breadcrumb","itemListElement":[{"@type":"ListItem","position":1,"name":"Accueil","item":"https:\/\/www.cashlab.fr\/"},{"@type":"ListItem","position":2,"name":"Cr\u00e9ation compte membre","item":"https:\/\/www.cashlab.fr\/creation-compte-membre\/"},{"@type":"ListItem","position":3,"name":"Inscription"}]},{"@type":"WebSite","@id":"https:\/\/www.cashlab.fr\/#website","url":"https:\/\/www.cashlab.fr\/","name":"Cashlab","description":"Logiciel de pr\u00e9vision et pilotage de tr\u00e9sorerie","publisher":{"@id":"https:\/\/www.cashlab.fr\/#organization"},"potentialAction":[{"@type":"SearchAction","target":{"@type":"EntryPoint","urlTemplate":"https:\/\/www.cashlab.fr\/?s={search_term_string}"},"query-input":{"@type":"PropertyValueSpecification","valueRequired":true,"valueName":"search_term_string"}}],"inLanguage":"en-GB"},{"@type":"Organization","@id":"https:\/\/www.cashlab.fr\/#organization","name":"Cashlab","url":"https:\/\/www.cashlab.fr\/","logo":{"@type":"ImageObject","inLanguage":"en-GB","@id":"https:\/\/www.cashlab.fr\/#\/schema\/logo\/image\/","url":"https:\/\/www.cashlab.fr\/wp-content\/uploads\/2019\/12\/Logo_Cashlab-noir.png","contentUrl":"https:\/\/www.cashlab.fr\/wp-content\/uploads\/2019\/12\/Logo_Cashlab-noir.png","width":1583,"height":295,"caption":"Cashlab"},"image":{"@id":"https:\/\/www.cashlab.fr\/#\/schema\/logo\/image\/"},"sameAs":["https:\/\/x.com\/CashLab_fr","https:\/\/www.linkedin.com\/company\/cashlab\/posts\/?feedView=all"]}]}},"_links":{"self":[{"href":"https:\/\/www.cashlab.fr\/en\/wp-json\/wp\/v2\/pages\/10060","targetHints":{"allow":["GET"]}}],"collection":[{"href":"https:\/\/www.cashlab.fr\/en\/wp-json\/wp\/v2\/pages"}],"about":[{"href":"https:\/\/www.cashlab.fr\/en\/wp-json\/wp\/v2\/types\/page"}],"author":[{"embeddable":true,"href":"https:\/\/www.cashlab.fr\/en\/wp-json\/wp\/v2\/users\/2"}],"replies":[{"embeddable":true,"href":"https:\/\/www.cashlab.fr\/en\/wp-json\/wp\/v2\/comments?post=10060"}],"version-history":[{"count":1,"href":"https:\/\/www.cashlab.fr\/en\/wp-json\/wp\/v2\/pages\/10060\/revisions"}],"predecessor-version":[{"id":10076,"href":"https:\/\/www.cashlab.fr\/en\/wp-json\/wp\/v2\/pages\/10060\/revisions\/10076"}],"up":[{"embeddable":true,"href":"https:\/\/www.cashlab.fr\/en\/wp-json\/wp\/v2\/pages\/10059"}],"wp:attachment":[{"href":"https:\/\/www.cashlab.fr\/en\/wp-json\/wp\/v2\/media?parent=10060"}],"curies":[{"name":"wp","href":"https:\/\/api.w.org\/{rel}","templated":true}]}}