{"id":8600,"date":"2022-05-20T12:30:59","date_gmt":"2022-05-20T10:30:59","guid":{"rendered":"https:\/\/www.cashlab.fr\/?page_id=8600"},"modified":"2026-04-30T15:11:37","modified_gmt":"2026-04-30T13:11:37","slug":"ressources-partenaires","status":"publish","type":"page","link":"https:\/\/www.cashlab.fr\/en\/ressources-partenaires\/","title":{"rendered":"Resources for partners"},"content":{"rendered":"<div class=\"swpm-post-not-logged-in-msg\">You need to be logged in to view this content. Please <a class=\"swpm-login-link\" href=\"https:\/\/www.cashlab.fr\/en\/connexion\/\">Log In<\/a>. Not a Member? <a href=\"https:\/\/www.cashlab.fr\/en\/creation-compte-membre\/\">Join Us<\/a><\/div>","protected":false},"excerpt":{"rendered":"<p>Ressources \u00a0partenaires\u00a0Bienvenue sur votre espace partenaire o\u00f9 vous trouverez toutes nos plaquettes, pr\u00e9sentations et logosPROSPECTUS CASHLABProspectus version fran\u00e7aise FR(2 pages) : Qui est Cashlab ? Quelles sont nos valeurs ? Que fait notre outil ? Notre approche compl\u00e8te de la gestion de tr\u00e9sorerie T\u00e9moignage client Leaflet &#8211; English version EN(2 pages) : Who is Cashlab? [&hellip;]<\/p>\n","protected":false},"author":2,"featured_media":8972,"parent":0,"menu_order":0,"comment_status":"closed","ping_status":"closed","template":"","meta":{"_et_pb_use_builder":"on","_et_pb_old_content":"","_et_gb_content_width":"","content-type":"","inline_featured_image":false,"footnotes":""},"class_list":["post-8600","page","type-page","status-publish","has-post-thumbnail","hentry"],"yoast_head":"<!-- This site is optimized with the Yoast SEO plugin v27.5 - https:\/\/yoast.com\/product\/yoast-seo-wordpress\/ -->\n<title>Ressources partenaires Cashlab | Pack de communication<\/title>\n<meta name=\"description\" content=\"Page ressources partenaires pour vos clients, prospectus, cas clients, articles, logos, etc. Tout le n\u00e9cessaire du partenaire.\" \/>\n<meta name=\"robots\" content=\"index, follow, max-snippet:-1, max-image-preview:large, max-video-preview:-1\" \/>\n<link rel=\"canonical\" href=\"https:\/\/www.cashlab.fr\/en\/ressources-partenaires\/\" \/>\n<meta property=\"og:locale\" content=\"en_GB\" \/>\n<meta property=\"og:type\" content=\"article\" \/>\n<meta property=\"og:title\" content=\"Ressources partenaires Cashlab | Pack de communication\" \/>\n<meta property=\"og:description\" content=\"Page ressources partenaires pour vos clients, prospectus, cas clients, articles, logos, etc. Tout le n\u00e9cessaire du partenaire.\" \/>\n<meta property=\"og:url\" content=\"https:\/\/www.cashlab.fr\/en\/ressources-partenaires\/\" \/>\n<meta property=\"og:site_name\" content=\"Cashlab\" \/>\n<meta property=\"article:modified_time\" content=\"2026-04-30T13:11:37+00:00\" \/>\n<meta property=\"og:image\" content=\"https:\/\/www.cashlab.fr\/wp-content\/uploads\/2022\/05\/Cashlabbb.webp\" \/>\n\t<meta property=\"og:image:width\" content=\"1080\" \/>\n\t<meta property=\"og:image:height\" content=\"675\" \/>\n\t<meta property=\"og:image:type\" content=\"image\/webp\" \/>\n<meta name=\"twitter:card\" content=\"summary_large_image\" \/>\n<meta name=\"twitter:site\" content=\"@CashLab_fr\" \/>\n<meta name=\"twitter:label1\" content=\"Estimated reading time\" \/>\n\t<meta name=\"twitter:data1\" content=\"4 minutes\" \/>\n<script type=\"application\/ld+json\" class=\"yoast-schema-graph\">{\"@context\":\"https:\\\/\\\/schema.org\",\"@graph\":[{\"@type\":\"WebPage\",\"@id\":\"https:\\\/\\\/www.cashlab.fr\\\/ressources-partenaires\\\/\",\"url\":\"https:\\\/\\\/www.cashlab.fr\\\/ressources-partenaires\\\/\",\"name\":\"Ressources partenaires Cashlab | Pack de communication\",\"isPartOf\":{\"@id\":\"https:\\\/\\\/www.cashlab.fr\\\/#website\"},\"primaryImageOfPage\":{\"@id\":\"https:\\\/\\\/www.cashlab.fr\\\/ressources-partenaires\\\/#primaryimage\"},\"image\":{\"@id\":\"https:\\\/\\\/www.cashlab.fr\\\/ressources-partenaires\\\/#primaryimage\"},\"thumbnailUrl\":\"https:\\\/\\\/www.cashlab.fr\\\/wp-content\\\/uploads\\\/2022\\\/05\\\/Cashlabbb.webp\",\"datePublished\":\"2022-05-20T10:30:59+00:00\",\"dateModified\":\"2026-04-30T13:11:37+00:00\",\"description\":\"Page ressources partenaires pour vos clients, prospectus, cas clients, articles, logos, etc. Tout le n\u00e9cessaire du partenaire.\",\"breadcrumb\":{\"@id\":\"https:\\\/\\\/www.cashlab.fr\\\/ressources-partenaires\\\/#breadcrumb\"},\"inLanguage\":\"en-GB\",\"potentialAction\":[{\"@type\":\"ReadAction\",\"target\":[\"https:\\\/\\\/www.cashlab.fr\\\/ressources-partenaires\\\/\"]}]},{\"@type\":\"ImageObject\",\"inLanguage\":\"en-GB\",\"@id\":\"https:\\\/\\\/www.cashlab.fr\\\/ressources-partenaires\\\/#primaryimage\",\"url\":\"https:\\\/\\\/www.cashlab.fr\\\/wp-content\\\/uploads\\\/2022\\\/05\\\/Cashlabbb.webp\",\"contentUrl\":\"https:\\\/\\\/www.cashlab.fr\\\/wp-content\\\/uploads\\\/2022\\\/05\\\/Cashlabbb.webp\",\"width\":1080,\"height\":675},{\"@type\":\"BreadcrumbList\",\"@id\":\"https:\\\/\\\/www.cashlab.fr\\\/ressources-partenaires\\\/#breadcrumb\",\"itemListElement\":[{\"@type\":\"ListItem\",\"position\":1,\"name\":\"Accueil\",\"item\":\"https:\\\/\\\/www.cashlab.fr\\\/\"},{\"@type\":\"ListItem\",\"position\":2,\"name\":\"Ressources partenaires\"}]},{\"@type\":\"WebSite\",\"@id\":\"https:\\\/\\\/www.cashlab.fr\\\/#website\",\"url\":\"https:\\\/\\\/www.cashlab.fr\\\/\",\"name\":\"Cashlab\",\"description\":\"Logiciel de pr\u00e9vision et pilotage de tr\u00e9sorerie\",\"publisher\":{\"@id\":\"https:\\\/\\\/www.cashlab.fr\\\/#organization\"},\"potentialAction\":[{\"@type\":\"SearchAction\",\"target\":{\"@type\":\"EntryPoint\",\"urlTemplate\":\"https:\\\/\\\/www.cashlab.fr\\\/?s={search_term_string}\"},\"query-input\":{\"@type\":\"PropertyValueSpecification\",\"valueRequired\":true,\"valueName\":\"search_term_string\"}}],\"inLanguage\":\"en-GB\"},{\"@type\":\"Organization\",\"@id\":\"https:\\\/\\\/www.cashlab.fr\\\/#organization\",\"name\":\"Cashlab\",\"url\":\"https:\\\/\\\/www.cashlab.fr\\\/\",\"logo\":{\"@type\":\"ImageObject\",\"inLanguage\":\"en-GB\",\"@id\":\"https:\\\/\\\/www.cashlab.fr\\\/#\\\/schema\\\/logo\\\/image\\\/\",\"url\":\"https:\\\/\\\/www.cashlab.fr\\\/wp-content\\\/uploads\\\/2019\\\/12\\\/Logo_Cashlab-noir.png\",\"contentUrl\":\"https:\\\/\\\/www.cashlab.fr\\\/wp-content\\\/uploads\\\/2019\\\/12\\\/Logo_Cashlab-noir.png\",\"width\":1583,\"height\":295,\"caption\":\"Cashlab\"},\"image\":{\"@id\":\"https:\\\/\\\/www.cashlab.fr\\\/#\\\/schema\\\/logo\\\/image\\\/\"},\"sameAs\":[\"https:\\\/\\\/x.com\\\/CashLab_fr\",\"https:\\\/\\\/www.linkedin.com\\\/company\\\/cashlab\\\/posts\\\/?feedView=all\"]}]}<\/script>\n<!-- \/ Yoast SEO plugin. -->","yoast_head_json":{"title":"Ressources partenaires Cashlab | Pack de communication","description":"Page ressources partenaires pour vos clients, prospectus, cas clients, articles, logos, etc. Tout le n\u00e9cessaire du partenaire.","robots":{"index":"index","follow":"follow","max-snippet":"max-snippet:-1","max-image-preview":"max-image-preview:large","max-video-preview":"max-video-preview:-1"},"canonical":"https:\/\/www.cashlab.fr\/en\/ressources-partenaires\/","og_locale":"en_GB","og_type":"article","og_title":"Ressources partenaires Cashlab | Pack de communication","og_description":"Page ressources partenaires pour vos clients, prospectus, cas clients, articles, logos, etc. Tout le n\u00e9cessaire du partenaire.","og_url":"https:\/\/www.cashlab.fr\/en\/ressources-partenaires\/","og_site_name":"Cashlab","article_modified_time":"2026-04-30T13:11:37+00:00","og_image":[{"width":1080,"height":675,"url":"https:\/\/www.cashlab.fr\/wp-content\/uploads\/2022\/05\/Cashlabbb.webp","type":"image\/webp"}],"twitter_card":"summary_large_image","twitter_site":"@CashLab_fr","twitter_misc":{"Estimated reading time":"4 minutes"},"schema":{"@context":"https:\/\/schema.org","@graph":[{"@type":"WebPage","@id":"https:\/\/www.cashlab.fr\/ressources-partenaires\/","url":"https:\/\/www.cashlab.fr\/ressources-partenaires\/","name":"Ressources partenaires Cashlab | Pack de communication","isPartOf":{"@id":"https:\/\/www.cashlab.fr\/#website"},"primaryImageOfPage":{"@id":"https:\/\/www.cashlab.fr\/ressources-partenaires\/#primaryimage"},"image":{"@id":"https:\/\/www.cashlab.fr\/ressources-partenaires\/#primaryimage"},"thumbnailUrl":"https:\/\/www.cashlab.fr\/wp-content\/uploads\/2022\/05\/Cashlabbb.webp","datePublished":"2022-05-20T10:30:59+00:00","dateModified":"2026-04-30T13:11:37+00:00","description":"Page ressources partenaires pour vos clients, prospectus, cas clients, articles, logos, etc. Tout le n\u00e9cessaire du partenaire.","breadcrumb":{"@id":"https:\/\/www.cashlab.fr\/ressources-partenaires\/#breadcrumb"},"inLanguage":"en-GB","potentialAction":[{"@type":"ReadAction","target":["https:\/\/www.cashlab.fr\/ressources-partenaires\/"]}]},{"@type":"ImageObject","inLanguage":"en-GB","@id":"https:\/\/www.cashlab.fr\/ressources-partenaires\/#primaryimage","url":"https:\/\/www.cashlab.fr\/wp-content\/uploads\/2022\/05\/Cashlabbb.webp","contentUrl":"https:\/\/www.cashlab.fr\/wp-content\/uploads\/2022\/05\/Cashlabbb.webp","width":1080,"height":675},{"@type":"BreadcrumbList","@id":"https:\/\/www.cashlab.fr\/ressources-partenaires\/#breadcrumb","itemListElement":[{"@type":"ListItem","position":1,"name":"Accueil","item":"https:\/\/www.cashlab.fr\/"},{"@type":"ListItem","position":2,"name":"Ressources partenaires"}]},{"@type":"WebSite","@id":"https:\/\/www.cashlab.fr\/#website","url":"https:\/\/www.cashlab.fr\/","name":"Cashlab","description":"Logiciel de pr\u00e9vision et pilotage de tr\u00e9sorerie","publisher":{"@id":"https:\/\/www.cashlab.fr\/#organization"},"potentialAction":[{"@type":"SearchAction","target":{"@type":"EntryPoint","urlTemplate":"https:\/\/www.cashlab.fr\/?s={search_term_string}"},"query-input":{"@type":"PropertyValueSpecification","valueRequired":true,"valueName":"search_term_string"}}],"inLanguage":"en-GB"},{"@type":"Organization","@id":"https:\/\/www.cashlab.fr\/#organization","name":"Cashlab","url":"https:\/\/www.cashlab.fr\/","logo":{"@type":"ImageObject","inLanguage":"en-GB","@id":"https:\/\/www.cashlab.fr\/#\/schema\/logo\/image\/","url":"https:\/\/www.cashlab.fr\/wp-content\/uploads\/2019\/12\/Logo_Cashlab-noir.png","contentUrl":"https:\/\/www.cashlab.fr\/wp-content\/uploads\/2019\/12\/Logo_Cashlab-noir.png","width":1583,"height":295,"caption":"Cashlab"},"image":{"@id":"https:\/\/www.cashlab.fr\/#\/schema\/logo\/image\/"},"sameAs":["https:\/\/x.com\/CashLab_fr","https:\/\/www.linkedin.com\/company\/cashlab\/posts\/?feedView=all"]}]}},"_links":{"self":[{"href":"https:\/\/www.cashlab.fr\/en\/wp-json\/wp\/v2\/pages\/8600","targetHints":{"allow":["GET"]}}],"collection":[{"href":"https:\/\/www.cashlab.fr\/en\/wp-json\/wp\/v2\/pages"}],"about":[{"href":"https:\/\/www.cashlab.fr\/en\/wp-json\/wp\/v2\/types\/page"}],"author":[{"embeddable":true,"href":"https:\/\/www.cashlab.fr\/en\/wp-json\/wp\/v2\/users\/2"}],"replies":[{"embeddable":true,"href":"https:\/\/www.cashlab.fr\/en\/wp-json\/wp\/v2\/comments?post=8600"}],"version-history":[{"count":37,"href":"https:\/\/www.cashlab.fr\/en\/wp-json\/wp\/v2\/pages\/8600\/revisions"}],"predecessor-version":[{"id":13721,"href":"https:\/\/www.cashlab.fr\/en\/wp-json\/wp\/v2\/pages\/8600\/revisions\/13721"}],"wp:featuredmedia":[{"embeddable":true,"href":"https:\/\/www.cashlab.fr\/en\/wp-json\/wp\/v2\/media\/8972"}],"wp:attachment":[{"href":"https:\/\/www.cashlab.fr\/en\/wp-json\/wp\/v2\/media?parent=8600"}],"curies":[{"name":"wp","href":"https:\/\/api.w.org\/{rel}","templated":true}]}}